{"id":2756,"date":"2026-01-13T21:55:39","date_gmt":"2026-01-13T18:55:39","guid":{"rendered":"https:\/\/www.tinova.com.tr\/new\/?page_id=2756"},"modified":"2026-02-05T19:57:39","modified_gmt":"2026-02-05T16:57:39","slug":"turquality-yonetim-surec-danismanligi","status":"publish","type":"page","link":"https:\/\/www.tinova.com.tr\/new\/turquality-yonetim-surec-danismanligi\/","title":{"rendered":"TURQUALITY\u00ae Y\u00f6netim S\u00fcre\u00e7 Dan\u0131\u015fmanl\u0131\u011f\u0131"},"content":{"rendered":"\t\t<div data-elementor-type=\"wp-page\" data-elementor-id=\"2756\" class=\"elementor elementor-2756\">\n\t\t\t\t<div class=\"elementor-element elementor-element-3338684 e-con-full e-flex e-con e-parent\" data-id=\"3338684\" data-element_type=\"container\">\n\t\t<div class=\"elementor-element elementor-element-d7d789e e-con-full e-flex e-con e-child\" data-id=\"d7d789e\" data-element_type=\"container\">\n\t\t<div class=\"elementor-element elementor-element-2d0c179 e-con-full e-flex e-con e-child\" data-id=\"2d0c179\" data-element_type=\"container\">\n\t\t\t\t<div class=\"elementor-element elementor-element-ad086aa elementor-widget elementor-widget-heading\" data-id=\"ad086aa\" data-element_type=\"widget\" data-widget_type=\"heading.default\">\n\t\t\t\t<div class=\"elementor-widget-container\">\n\t\t\t\t\t<h6 class=\"elementor-heading-title elementor-size-default\">TURQUALITY\u00ae Program\u0131, marka olgunlu\u011fu, kurumsal yap\u0131, s\u00fcre\u00e7 ve performans alanlar\u0131nda g\u00fc\u00e7l\u00fc bir altyap\u0131 gerektirir.\nTinova TURQUALITY\u00ae Y\u00f6netim S\u00fcre\u00e7 Dan\u0131\u015fmanl\u0131\u011f\u0131, bu gereksinimleri stratejik, \u00f6l\u00e7\u00fclebilir ve s\u00fcrd\u00fcr\u00fclebilir bir model \u00fczerine kurar.\n\n<br><br>Program s\u00fcrecinde yaln\u0131zca rapor haz\u0131rlamak de\u011fil; organizasyonel d\u00f6n\u00fc\u015f\u00fcmden operasyonel m\u00fckemmelli\u011fe kadar t\u00fcm ba\u015fl\u0131klar\u0131 kapsayan destek sa\u011flamak temel hedefimizdir.<\/h6>\t\t\t\t<\/div>\n\t\t\t\t<\/div>\n\t\t\t\t<div class=\"elementor-element elementor-element-e705b8c elementor-widget elementor-widget-heading\" data-id=\"e705b8c\" data-element_type=\"widget\" data-widget_type=\"heading.default\">\n\t\t\t\t<div class=\"elementor-widget-container\">\n\t\t\t\t\t<h6 class=\"elementor-heading-title elementor-size-default\"><b>Y\u00f6netim S\u00fcre\u00e7 Dan\u0131\u015fmanl\u0131\u011f\u0131 Nedir?<\/b><br><br>\nTURQUALITY\u00ae\u2019ye ba\u015fvurmadan \u00f6nce veya ba\u015fvuru s\u00fcrecinde, \u015firket i\u00e7inde y\u00fcr\u00fct\u00fclen t\u00fcm i\u015f s\u00fcre\u00e7lerinin etkinli\u011fi, verimlili\u011fi ve s\u00fcrd\u00fcr\u00fclebilirli\u011fi kritik \u00f6nem ta\u015f\u0131r.<br><br>\n\nTurquality Y\u00f6netim S\u00fcre\u00e7 Dan\u0131\u015fmanl\u0131\u011f\u0131, firman\u0131z\u0131n mevcut y\u00f6netim yap\u0131s\u0131n\u0131 kapsaml\u0131 bir \u015fekilde analiz eder, stratejik hedefler ile operasyonel yap\u0131y\u0131 uyumlu hale getirir ve program kriterlerine uygun bir kurumsal yap\u0131ya d\u00f6n\u00fc\u015f\u00fcm sa\u011flar.<br><br>\n\nBu hizmet ile:<br><br>\n\n\u2714 S\u00fcre\u00e7leriniz daha verimli \u00e7al\u0131\u015f\u0131r<br><br>\n\u2714 Karar alma mekanizman\u0131z g\u00fc\u00e7lenir<br><br>\n\u2714 Organizasyonel olgunluk artar<br><br>\n\u2714 Performans g\u00f6stergeleriniz \u00f6l\u00e7\u00fclebilir hale gelir<br><br>\n\n\ud83d\udcc8 <b>Hizmet Kapsam\u0131<\/b><br><br>\n\ud83e\udded <b>1. Stratejik Y\u00f6netim ve Kurumsal Olgunluk<\/b><br><br>\n\u2022 Vizyon, misyon ve stratejik hedeflerin netle\u015ftirilmesi<br><br>\n\n\u2022 Y\u00f6netim yap\u0131lar\u0131n\u0131n g\u00fc\u00e7lendirilmesi<br><br>\n\n\u2022 \u0130\u00e7 ileti\u015fim ve koordinasyonun etkinle\u015ftirilmesi<br><br>\n\n\u2699\ufe0f <b>2. S\u00fcre\u00e7 Y\u00f6netimi ve Operasyonel Verimlilik <\/b><br><br>\n\u2022 Mevcut i\u015f s\u00fcre\u00e7lerinin haritalanmas\u0131<br><br>\n\n\u2022 Proses ad\u0131mlar\u0131n\u0131n optimizasyonu<br><br>\n\n\u2022 Kaynak kullan\u0131m etkinli\u011finin art\u0131r\u0131lmas\u0131<br><br>\n\n\ud83d\udcca <b>3. Performans \u0130zleme ve KPI Tasar\u0131m\u0131<\/b><br><br>\n\u2022 Stratejik performans g\u00f6stergelerinin belirlenmesi<br><br>\n\n\u2022 \u00d6l\u00e7\u00fclebilir KPI ve raporlama sistemlerinin kurulmas\u0131<br><br>\n\n\u2022 Performans de\u011ferlendirme modelleri<br><br>\n\n\ud83e\udd1d<b> 4. Uyum ve Denetim Deste\u011fi<\/b><br><br>\n\u2022 TURQUALITY\u00ae kriterlerine uygunluk sa\u011flanmas\u0131<br><br>\n\n\u2022 Resmi denetim ve s\u00fcre\u00e7 de\u011ferlendirmeleri i\u00e7in haz\u0131rlanma<br><br>\n\n\u2022 Denetim \u00f6ncesi sim\u00fclasyon ve iyile\u015ftirme destekleri<br><br><\/h6>\t\t\t\t<\/div>\n\t\t\t\t<\/div>\n\t\t\t\t<div class=\"elementor-element elementor-element-451763d elementor-widget elementor-widget-html\" data-id=\"451763d\" data-element_type=\"widget\" data-widget_type=\"html.default\">\n\t\t\t\t<div class=\"elementor-widget-container\">\n\t\t\t\t\t<style>\/* Base *\/\n.tpl__newhome__newsletter{\n  display:block;\n  padding:50px 30px;\n  box-sizing:border-box;\n  width:100%;\n  zoom:var(--zoom);\n}\n@media all and (min-width:1300px){\n  .tpl__newhome__newsletter{ padding:100px 0 100px; }\n}\n\n\/* Grid *\/\n.tpl__newhome__newsletter__grid{\n  display:grid;\n  grid-template-columns:1fr;\n  grid-template-rows:auto;\n  grid-gap:25px;\n  max-width:960px;\n  margin:0 auto;\n  width:100%;\n}\n@media all and (min-width:640px){\n  .tpl__newhome__newsletter__grid{ grid-template-columns:1fr 1fr; }\n}\n@media all and (min-width:1300px){\n  .tpl__newhome__newsletter__grid{\n    max-width:80vw;\n    grid-template-columns:1fr 1fr 1fr 1fr;\n    grid-template-rows:1fr 1fr;\n  }\n}\n@media all and (min-width:1500px){\n  .tpl__newhome__newsletter__grid{ max-width:83vw; }\n}\n\n\/* Headline *\/\n.tpl__newhome__newsletter__headline{\n  display:block;\n  width:100%;\n  max-width:960px;\n  margin:0 auto 30px;\n}\n@media all and (min-width:1300px){\n  .tpl__newhome__newsletter__headline{ max-width:80vw; }\n}\n@media all and (min-width:1500px){\n  .tpl__newhome__newsletter__headline{ max-width:83vw; }\n}\n\n\/* Card *\/\n.tpl__newhome__newsletter__card{\n  display:flex;\n  flex-direction:column;\n  padding:30px;\n  box-sizing:border-box;\n  border-radius:20px;\n  background-color:#f3f6f8;\n  color:#181f39;\n  font-weight:400;\n  text-decoration:none;\n  transition:background-color 0.38s ease 0s, color 0.38s ease 0s;\n}\n@media all and (min-width:640px){\n  .tpl__newhome__newsletter__card{\n    display:flex;\n    flex-direction:column;\n    justify-content:space-between;\n  }\n}\n.tpl__newhome__newsletter__card:hover{\n  color:#fff;\n  text-decoration:none;\n  background-color:#507996;\n  transition:background-color 0.38s ease 0s, color 0.38s ease 0s;\n}\n.tpl__newhome__newsletter__card__caption{\n  font-size:20px;\n  line-height:1.35em;\n  font-weight:600;\n}\n@media all and (min-width:1024px){\n  .tpl__newhome__newsletter__card__caption{ font-size:25px; }\n}\n.tpl__newhome__newsletter__card > svg{\n  width:32px;\n  height:32px;\n  padding:5px;\n  display:flex;\n  justify-content:center;\n  align-items:center;\n  border-radius:50%;\n  background-color:#325370;\n  color:#fff;\n  margin-left:auto;\n  margin-top:20px;\n}\n@media all and (min-width:1500px){\n  .tpl__newhome__newsletter__card > svg{\n    width:45px;\n    height:45px;\n    padding:10px;\n  }\n}\n<\/style>\n\n<div id=\"c5633\" class=\"tpl__newhome__newsletter\">\n  <h3 class=\"tpl__newhome__newsletter__headline\">T\u00fcm TURQUALITY Hizmetlerimiz<\/h3>\n  <div class=\"tpl__newhome__newsletter__grid\">\n    <a class=\"tpl__newhome__newsletter__card--newsletter tpl__newhome__newsletter__card\" href=\"https:\/\/www.tinova.com.tr\/new\/turquality-on-analiz-raporu\" target=\"_blank\" data-aos=\"fade-in\">\n      <span class=\"tpl__newhome__newsletter__card__caption\">\u00d6n Analiz Raporu<\/span>\n     \n       <svg  xmlns=\"http:\/\/www.w3.org\/2000\/svg\"  width=\"24\"  height=\"24\"  viewBox=\"0 0 24 24\"  fill=\"none\"  stroke=\"currentColor\"  stroke-width=\"2\"  stroke-linecap=\"round\"  stroke-linejoin=\"round\"><path stroke=\"none\" d=\"M0 0h24v24H0z\" fill=\"none\"\/><path d=\"M5 12l14 0\" \/><path d=\"M13 18l6 -6\" \/><path d=\"M13 6l6 6\" \/><\/svg>\n      \n    <\/a>\n     <a class=\"tpl__newhome__newsletter__card--newsletter tpl__newhome__newsletter__card\" href=\"https:\/\/www.tinova.com.tr\/new\/turquality-yonetim-surec-danismanligi\" target=\"_blank\" data-aos=\"fade-in\">\n      <span class=\"tpl__newhome__newsletter__card__caption\">TURQUALITY\u00ae S\u00fcre\u00e7 Y\u00f6netim Dan\u0131\u015fmanl\u0131\u011f\u0131<\/span>\n     \n       <svg  xmlns=\"http:\/\/www.w3.org\/2000\/svg\"  width=\"24\"  height=\"24\"  viewBox=\"0 0 24 24\"  fill=\"none\"  stroke=\"currentColor\"  stroke-width=\"2\"  stroke-linecap=\"round\"  stroke-linejoin=\"round\"><path stroke=\"none\" d=\"M0 0h24v24H0z\" fill=\"none\"\/><path d=\"M5 12l14 0\" \/><path d=\"M13 18l6 -6\" \/><path d=\"M13 6l6 6\" \/><\/svg>\n      \n    <\/a>\n    <a class=\"tpl__newhome__newsletter__card--newsletter tpl__newhome__newsletter__card\" href=\"https:\/\/www.tinova.com.tr\/new\/turquality-destek-basvuru-ve-uygulama-danismanligi\" target=\"_blank\" data-aos=\"fade-in\">\n      <span class=\"tpl__newhome__newsletter__card__caption\">TURQUALITY\u00ae Destek Ba\u015fvuru ve Uygulama Dan\u0131\u015fmanl\u0131\u011f\u0131<\/span>\n     \n       <svg  xmlns=\"http:\/\/www.w3.org\/2000\/svg\"  width=\"24\"  height=\"24\"  viewBox=\"0 0 24 24\"  fill=\"none\"  stroke=\"currentColor\"  stroke-width=\"2\"  stroke-linecap=\"round\"  stroke-linejoin=\"round\"><path stroke=\"none\" d=\"M0 0h24v24H0z\" fill=\"none\"\/><path d=\"M5 12l14 0\" \/><path d=\"M13 18l6 -6\" \/><path d=\"M13 6l6 6\" \/><\/svg>\n      \n    <\/a>\n   \n    \n  <\/div>\n<\/div>\t\t\t\t<\/div>\n\t\t\t\t<\/div>\n\t\t\t\t<\/div>\n\t\t<div class=\"elementor-element elementor-element-ad4d539 e-con-full e-flex e-con e-child\" data-id=\"ad4d539\" data-element_type=\"container\">\n\t\t\t\t<div class=\"elementor-element elementor-element-2d2a938 elementor-widget elementor-widget-html\" data-id=\"2d2a938\" data-element_type=\"widget\" data-widget_type=\"html.default\">\n\t\t\t\t<div class=\"elementor-widget-container\">\n\t\t\t\t\t<!doctype html>\n<html lang=\"tr\">\n<head>\n<meta charset=\"utf-8\">\n<meta name=\"viewport\" content=\"width=device-width, initial-scale=1\">\n\n<style>\n\n.download-card{\n  width: 100%;\n  max-width: 92vw;\n  background:#fff;\n  border-radius:18px;\n  overflow:hidden;\n  box-shadow: 0 10px 22px rgba(0,0,0,.18);\n  text-align:center;\n}\n\n\/* \u00dcST MAV\u0130 ALAN *\/\n.download-card .top{\n  background:#1e73be;\n  color:#fff;\n  padding:22px 16px;\n  font-size:26px;\n  letter-spacing:2px;\n  font-weight:300;\n  text-transform:uppercase;\n}\n\/* HOVER'DA SADECE \u00dcST RENK *\/\n.download-card:hover .top{\n  background:#1895ff;\n}\n\/* ALT MET\u0130N *\/\n.download-card .bottom{\n  padding:16px;\n  font-size:14px;\n  color:#6b6b6b;\n  letter-spacing:1px;\n  text-transform:uppercase;\n}\n<\/style>\n<\/head>\n\n<body>\n\n<a href=\"mailto:info@tinova.com.tr\">\n<div class=\"download-card\">\n  <div class=\"top\">TURQUALITY\u00ae Y\u00f6netim s\u00fcre\u00e7 Dan\u0131\u015fmanl\u0131\u011f\u0131 Talep Edin<\/div>\n  <div class=\"bottom\">\n  Kurumsalla\u015fma deste\u011fi al\u0131n<\/div><\/a>\n<\/div>\n\n<\/body>\n<\/html>\t\t\t\t<\/div>\n\t\t\t\t<\/div>\n\t\t\t\t<div class=\"elementor-element elementor-element-3108256 elementor-widget elementor-widget-html\" data-id=\"3108256\" data-element_type=\"widget\" data-widget_type=\"html.default\">\n\t\t\t\t<div class=\"elementor-widget-container\">\n\t\t\t\t\t<style>\n\/* SIDEBAR WRAPPER *\/\n.tinova-sidebar{\n  width:100%px;           \/* sidebar geni\u015fli\u011fi *\/\n  padding:16px;\n  box-sizing:border-box;\n  display:flex;\n  flex-direction:column;\n  gap:12px;\n  background:#ffffff;    \/* istersen #0f172a gibi koyu yap *\/\n}\n\n\/* SIDEBAR BUTTON (CARD) *\/\n.tinova-sidebar__btn{\n  display:flex;\n  align-items:center;\n  justify-content:space-between;\n  gap:12px;\n  padding:14px 14px;\n  border-radius:14px;\n  background:#f3f6f8;\n  color:#181f39;\n  text-decoration:none;\n  font-weight:600;\n  line-height:1.2;\n  box-shadow: 0 10px 22px rgba(0,0,0,.18);   \/* normalde de g\u00f6lge *\/\n  transform: translateY(-2px);              \/* normalde de 3D hissi *\/\n  transition: background-color .25s ease, color .25s ease, box-shadow .25s ease, transform .25s ease;\n}\n\n\/* Hover *\/\n.tinova-sidebar__btn:hover{\n  background:#507996;\n  color:#fff;\n  box-shadow: 0 18px 36px rgba(0,0,0,.28), 0 8px 14px rgba(0,0,0,.18);\n  transform: translateY(-4px);\n}\n\n\/* Label *\/\n.tinova-sidebar__label{\n  font-size:16px;\n}\n\n\/* Arrow circle *\/\n.tinova-sidebar__icon{\n  flex:0 0 auto;\n  width:34px;\n  height:34px;\n  border-radius:999px;\n  display:grid;\n  place-items:center;\n  background:#325370;\n  color:#fff;\n}\n.tinova-sidebar__btn:hover .tinova-sidebar__icon{\n  background: rgba(255,255,255,.20);\n  color:#fff;\n}\n\n\/* SVG *\/\n.tinova-sidebar__icon svg{\n  width:18px;\n  height:18px;\n}\n\n\/* Mobile *\/\n@media (max-width:480px){\n  .tinova-sidebar{ width:100%; }\n  .tinova-sidebar__btn{ padding:12px; }\n  .tinova-sidebar__label{ font-size:13px; }\n}\n<\/style>\n\n<nav class=\"tinova-sidebar\">\n  <a class=\"tinova-sidebar__btn\" href=\"https:\/\/tinova.com.tr\">\n    <span class=\"tinova-sidebar__label\">\u00d6n Analiz Raporu<\/span>\n    <span class=\"tinova-sidebar__icon\">\n      <svg xmlns=\"http:\/\/www.w3.org\/2000\/svg\" viewBox=\"0 0 24 24\" fill=\"none\" stroke=\"currentColor\" stroke-width=\"2\" stroke-linecap=\"round\" stroke-linejoin=\"round\">\n        <path d=\"M5 12h14\"\/><path d=\"M13 18l6-6\"\/><path d=\"M13 6l6 6\"\/>\n      <\/svg>\n    <\/span>\n  <\/a>\n\n  <a class=\"tinova-sidebar__btn\" href=\"#\">\n    <span class=\"tinova-sidebar__label\">Profesyonellere D\u00fczenli Olarak Ula\u015f\u0131n<\/span>\n    <span class=\"tinova-sidebar__icon\">\n      <svg xmlns=\"http:\/\/www.w3.org\/2000\/svg\" viewBox=\"0 0 24 24\" fill=\"none\" stroke=\"currentColor\" stroke-width=\"2\" stroke-linecap=\"round\" stroke-linejoin=\"round\">\n        <path d=\"M5 12h14\"\/><path d=\"M13 18l6-6\"\/><path d=\"M13 6l6 6\"\/>\n      <\/svg>\n    <\/span>\n  <\/a>\n\n  <a class=\"tinova-sidebar__btn\" href=\"#\">\n    <span class=\"tinova-sidebar__label\">Hangi Alanlarda \u00c7al\u0131\u015fabiliriz?<\/span>\n    <span class=\"tinova-sidebar__icon\">\n      <svg xmlns=\"http:\/\/www.w3.org\/2000\/svg\" viewBox=\"0 0 24 24\" fill=\"none\" stroke=\"currentColor\" stroke-width=\"2\" stroke-linecap=\"round\" stroke-linejoin=\"round\">\n        <path d=\"M5 12h14\"\/><path d=\"M13 18l6-6\"\/><path d=\"M13 6l6 6\"\/>\n      <\/svg>\n    <\/span>\n  <\/a>\n\n  <a class=\"tinova-sidebar__btn\" href=\"#\">\n    <span class=\"tinova-sidebar__label\">Hakk\u0131m\u0131zda<\/span>\n    <span class=\"tinova-sidebar__icon\">\n      <svg xmlns=\"http:\/\/www.w3.org\/2000\/svg\" viewBox=\"0 0 24 24\" fill=\"none\" stroke=\"currentColor\" stroke-width=\"2\" stroke-linecap=\"round\" stroke-linejoin=\"round\">\n        <path d=\"M5 12h14\"\/><path d=\"M13 18l6-6\"\/><path d=\"M13 6l6 6\"\/>\n      <\/svg>\n    <\/span>\n  <\/a>\n\n  <a class=\"tinova-sidebar__btn\" href=\"#\">\n    <span class=\"tinova-sidebar__label\">Partner Firmam\u0131z Olun<br>Tedarik\u00e7i Ba\u015fvuru Formu<\/span>\n    <span class=\"tinova-sidebar__icon\">\n      <svg xmlns=\"http:\/\/www.w3.org\/2000\/svg\" viewBox=\"0 0 24 24\" fill=\"none\" stroke=\"currentColor\" stroke-width=\"2\" stroke-linecap=\"round\" stroke-linejoin=\"round\">\n        <path d=\"M5 12h14\"\/><path d=\"M13 18l6-6\"\/><path d=\"M13 6l6 6\"\/>\n      <\/svg>\n    <\/span>\n  <\/a>\n<\/nav>\n\t\t\t\t<\/div>\n\t\t\t\t<\/div>\n\t\t\t\t<div class=\"elementor-element elementor-element-d4a7339 elementor-widget elementor-widget-bizmaster-service-category-widget\" data-id=\"d4a7339\" data-element_type=\"widget\" data-widget_type=\"bizmaster-service-category-widget.default\">\n\t\t\t\t<div class=\"elementor-widget-container\">\n\t\t\t\t\t        <aside class=\"sidebar-area service-sitebar\">  \n            <div class=\"widget widget_categories widget_service-categories\">  \n                <ul>\n                    \t\t\t\t\t\t\t<li>\n\t\t\t\t\t\t\t\t<a href=\"https:\/\/www.tinova.com.tr\/new\/service-category\/danismanlik\/\">Dan\u0131\u015fmanl\u0131k<\/a>\n\t\t\t\t\t\t\t<\/li>\n\t\t\t\t\t\t\t\t\t\t\t\t\t<li>\n\t\t\t\t\t\t\t\t<a href=\"https:\/\/www.tinova.com.tr\/new\/service-category\/egitim\/\">E\u011fitim<\/a>\n\t\t\t\t\t\t\t<\/li>\n\t\t\t\t\t\t\t\t\t\t\t\t\t\t\t<\/ul>\n            <\/div>\n        <\/aside>\n\t\t\t\t\t\t<\/div>\n\t\t\t\t<\/div>\n\t\t\t\t<\/div>\n\t\t\t\t<\/div>\n\t\t\t\t<\/div>\n\t\t\t\t<\/div>\n\t\t","protected":false},"excerpt":{"rendered":"<p>TURQUALITY\u00ae Program\u0131, marka olgunlu\u011fu, kurumsal yap\u0131, s\u00fcre\u00e7 ve performans alanlar\u0131nda g\u00fc\u00e7l\u00fc bir altyap\u0131 gerektirir. Tinova TURQUALITY\u00ae Y\u00f6netim S\u00fcre\u00e7 Dan\u0131\u015fmanl\u0131\u011f\u0131, bu gereksinimleri stratejik, \u00f6l\u00e7\u00fclebilir ve s\u00fcrd\u00fcr\u00fclebilir bir model \u00fczerine kurar. Program s\u00fcrecinde yaln\u0131zca rapor haz\u0131rlamak de\u011fil; organizasyonel d\u00f6n\u00fc\u015f\u00fcmden operasyonel m\u00fckemmelli\u011fe kadar t\u00fcm ba\u015fl\u0131klar\u0131 kapsayan destek sa\u011flamak temel hedefimizdir. Y\u00f6netim S\u00fcre\u00e7 Dan\u0131\u015fmanl\u0131\u011f\u0131 Nedir? TURQUALITY\u00ae\u2019ye ba\u015fvurmadan \u00f6nce veya&#8230;..<\/p>\n","protected":false},"author":1,"featured_media":0,"parent":0,"menu_order":0,"comment_status":"closed","ping_status":"closed","template":"","meta":{"inline_featured_image":false,"footnotes":""},"class_list":["post-2756","page","type-page","status-publish","hentry"],"_links":{"self":[{"href":"https:\/\/www.tinova.com.tr\/new\/wp-json\/wp\/v2\/pages\/2756","targetHints":{"allow":["GET"]}}],"collection":[{"href":"https:\/\/www.tinova.com.tr\/new\/wp-json\/wp\/v2\/pages"}],"about":[{"href":"https:\/\/www.tinova.com.tr\/new\/wp-json\/wp\/v2\/types\/page"}],"author":[{"embeddable":true,"href":"https:\/\/www.tinova.com.tr\/new\/wp-json\/wp\/v2\/users\/1"}],"replies":[{"embeddable":true,"href":"https:\/\/www.tinova.com.tr\/new\/wp-json\/wp\/v2\/comments?post=2756"}],"version-history":[{"count":58,"href":"https:\/\/www.tinova.com.tr\/new\/wp-json\/wp\/v2\/pages\/2756\/revisions"}],"predecessor-version":[{"id":3070,"href":"https:\/\/www.tinova.com.tr\/new\/wp-json\/wp\/v2\/pages\/2756\/revisions\/3070"}],"wp:attachment":[{"href":"https:\/\/www.tinova.com.tr\/new\/wp-json\/wp\/v2\/media?parent=2756"}],"curies":[{"name":"wp","href":"https:\/\/api.w.org\/{rel}","templated":true}]}}